{"id":1336,"date":"2022-05-15T01:21:23","date_gmt":"2022-05-15T01:21:23","guid":{"rendered":"http:\/\/techtronik.store\/?post_type=product&#038;p=1336"},"modified":"2023-05-28T04:35:52","modified_gmt":"2023-05-28T04:35:52","slug":"74ls48-bcd-to-7-segment-decoder-catodo","status":"publish","type":"product","link":"https:\/\/techtronik.store\/?product=74ls48-bcd-to-7-segment-decoder-catodo","title":{"rendered":"74LS48 BCD to 7-Segment Decoder Catodo"},"content":{"rendered":"<p>74LS48 Decodificador es un circuito integrado que convierte el c\u00f3digo binario de entrada en formato BCD a niveles l\u00f3gicos que permiten activar display\u00b4s de 7 segmentos de c\u00e1todo com\u00fan en donde la posici\u00f3n de cada barra forma el n\u00famero decodificado.<\/p>\n<p>Es un circuito para la conducci\u00f3n de buffers de l\u00e1mpara o LEDs de c\u00e1todo com\u00fan. Sirve para verificar la transformaci\u00f3n de BCD a binario. A diferencia del circuito 74LS47 es que controla display\u00b4s de 7 segmentos de \u00e1nodo com\u00fan y el 74LS48 es para display\u00b4s de c\u00e1todo com\u00fan.<\/p>\n","protected":false},"excerpt":{"rendered":"<p>74LS48 Decodificador es un circuito integrado que convierte el c\u00f3digo binario de entrada en formato BCD a niveles l\u00f3gicos que permiten activar display\u00b4s de 7 segmentos de c\u00e1todo com\u00fan en donde la posici\u00f3n de cada barra forma el n\u00famero decodificado. Es un circuito para la conducci\u00f3n de buffers de l\u00e1mpara&hellip; <\/p>\n","protected":false},"featured_media":1338,"comment_status":"open","ping_status":"closed","template":"","meta":{"om_disable_all_campaigns":false,"_monsterinsights_skip_tracking":false,"_monsterinsights_sitenote_active":false,"_monsterinsights_sitenote_note":"","_monsterinsights_sitenote_category":0},"product_cat":[49,46],"product_tag":[],"class_list":{"0":"post-1336","1":"product","2":"type-product","3":"status-publish","4":"has-post-thumbnail","6":"product_cat-circuitos-integrados","7":"product_cat-semiconductores","9":"first","10":"instock","11":"taxable","12":"shipping-taxable","13":"purchasable","14":"product-type-simple"},"aioseo_notices":[],"_links":{"self":[{"href":"https:\/\/techtronik.store\/index.php?rest_route=\/wp\/v3\/product\/1336","targetHints":{"allow":["GET"]}}],"collection":[{"href":"https:\/\/techtronik.store\/index.php?rest_route=\/wp\/v3\/product"}],"about":[{"href":"https:\/\/techtronik.store\/index.php?rest_route=\/wp\/v2\/types\/product"}],"replies":[{"embeddable":true,"href":"https:\/\/techtronik.store\/index.php?rest_route=%2Fwp%2Fv2%2Fcomments&post=1336"}],"wp:featuredmedia":[{"embeddable":true,"href":"https:\/\/techtronik.store\/index.php?rest_route=\/wp\/v2\/media\/1338"}],"wp:attachment":[{"href":"https:\/\/techtronik.store\/index.php?rest_route=%2Fwp%2Fv2%2Fmedia&parent=1336"}],"wp:term":[{"taxonomy":"product_cat","embeddable":true,"href":"https:\/\/techtronik.store\/index.php?rest_route=%2Fwp%2Fv2%2Fproduct_cat&post=1336"},{"taxonomy":"product_tag","embeddable":true,"href":"https:\/\/techtronik.store\/index.php?rest_route=%2Fwp%2Fv2%2Fproduct_tag&post=1336"}],"curies":[{"name":"wp","href":"https:\/\/api.w.org\/{rel}","templated":true}]}}