{"id":1332,"date":"2022-05-15T01:12:04","date_gmt":"2022-05-15T01:12:04","guid":{"rendered":"http:\/\/techtronik.store\/?post_type=product&#038;p=1332"},"modified":"2022-06-26T21:58:29","modified_gmt":"2022-06-26T21:58:29","slug":"74ls83-4-bit-full-adder","status":"publish","type":"product","link":"https:\/\/techtronik.store\/?product=74ls83-4-bit-full-adder","title":{"rendered":"74LS83 4-Bit Full Adder"},"content":{"rendered":"<p>74LS83 Sumador Binario o SN74LS83N es un circuito integrado \u201cCI\u201d de 4 Bit con acarreo r\u00e1pido y encapsulado DIP-16. \u00a0El 74LS83 tiene cuatro etapas independientes de circuitos sumadores completos en un solo paquete. Se usa com\u00fanmente en aplicaciones donde est\u00e1n involucradas operaciones aritm\u00e9ticas.<\/p>\n<p>Sirve para realizar distintas practicas de electr\u00f3nica ya que es un sumador completo binario de 4 bits de alta velocidad con acarreo interno; acepta 2 palabras binarias de 4 bits (A1 \u2013 A4, B1 \u2013 B4) y una entrada de acarreo (C0). Genera una suma de salida binaria (R1 \u2013 R4) y una salida de acarreo (C4) desde el bit de mayor significado. El LS83 opera con operandos activos en ALTO \u00f3 activos en BAJO (l\u00f3gica positiva \u00f3 negativa).<\/p>\n","protected":false},"excerpt":{"rendered":"<p>74LS83 Sumador Binario o SN74LS83N es un circuito integrado \u201cCI\u201d de 4 Bit con acarreo r\u00e1pido y encapsulado DIP-16. \u00a0El 74LS83 tiene cuatro etapas independientes de circuitos sumadores completos en un solo paquete. Se usa com\u00fanmente en aplicaciones donde est\u00e1n involucradas operaciones aritm\u00e9ticas. Sirve para realizar distintas practicas de electr\u00f3nica&hellip; <\/p>\n","protected":false},"featured_media":1335,"comment_status":"open","ping_status":"closed","template":"","meta":{"om_disable_all_campaigns":false,"_monsterinsights_skip_tracking":false,"_monsterinsights_sitenote_active":false,"_monsterinsights_sitenote_note":"","_monsterinsights_sitenote_category":0},"product_cat":[49,46],"product_tag":[],"class_list":{"0":"post-1332","1":"product","2":"type-product","3":"status-publish","4":"has-post-thumbnail","6":"product_cat-circuitos-integrados","7":"product_cat-semiconductores","9":"first","10":"instock","11":"taxable","12":"shipping-taxable","13":"purchasable","14":"product-type-simple"},"aioseo_notices":[],"_links":{"self":[{"href":"https:\/\/techtronik.store\/index.php?rest_route=\/wp\/v3\/product\/1332","targetHints":{"allow":["GET"]}}],"collection":[{"href":"https:\/\/techtronik.store\/index.php?rest_route=\/wp\/v3\/product"}],"about":[{"href":"https:\/\/techtronik.store\/index.php?rest_route=\/wp\/v2\/types\/product"}],"replies":[{"embeddable":true,"href":"https:\/\/techtronik.store\/index.php?rest_route=%2Fwp%2Fv2%2Fcomments&post=1332"}],"wp:featuredmedia":[{"embeddable":true,"href":"https:\/\/techtronik.store\/index.php?rest_route=\/wp\/v2\/media\/1335"}],"wp:attachment":[{"href":"https:\/\/techtronik.store\/index.php?rest_route=%2Fwp%2Fv2%2Fmedia&parent=1332"}],"wp:term":[{"taxonomy":"product_cat","embeddable":true,"href":"https:\/\/techtronik.store\/index.php?rest_route=%2Fwp%2Fv2%2Fproduct_cat&post=1332"},{"taxonomy":"product_tag","embeddable":true,"href":"https:\/\/techtronik.store\/index.php?rest_route=%2Fwp%2Fv2%2Fproduct_tag&post=1332"}],"curies":[{"name":"wp","href":"https:\/\/api.w.org\/{rel}","templated":true}]}}