{"id":1329,"date":"2022-05-15T01:11:33","date_gmt":"2022-05-15T01:11:33","guid":{"rendered":"http:\/\/techtronik.store\/?post_type=product&#038;p=1329"},"modified":"2022-08-10T02:14:39","modified_gmt":"2022-08-10T02:14:39","slug":"74ls86-compuerta-xor","status":"publish","type":"product","link":"https:\/\/techtronik.store\/?product=74ls86-compuerta-xor","title":{"rendered":"74LS86 Compuerta XOR"},"content":{"rendered":"<p>74LS86 Compuerta XOR o SN74LS86N es un circuito integrado que incorpora cuatro compuertas OR exclusivas con dos entradas. Realizan las funciones booleanas en l\u00f3gica positiva. Una aplicaci\u00f3n com\u00fan es como un elemento complemento\/verdadero.<\/p>\n<p>Sirve para realizar distintas practicas de electr\u00f3nica para poder tener cualquier funci\u00f3n l\u00f3gica. Este tipo de compuertas son f\u00e1ciles de utilizar ya que pueden conectarse a\u00a0<strong>protoboard\u00b4s<\/strong>\u00a0y con ayuda de cables de conexi\u00f3n ya sea\u00a0<strong>alambre para protoboard<\/strong>\u00a0o\u00a0<strong>cables Dupont\u00a0<\/strong>\u00a0realizar diferentes conexiones entre las compuertas.<\/p>\n","protected":false},"excerpt":{"rendered":"<p>74LS86 Compuerta XOR o SN74LS86N es un circuito integrado que incorpora cuatro compuertas OR exclusivas con dos entradas. Realizan las funciones booleanas en l\u00f3gica positiva. Una aplicaci\u00f3n com\u00fan es como un elemento complemento\/verdadero. Sirve para realizar distintas practicas de electr\u00f3nica para poder tener cualquier funci\u00f3n l\u00f3gica. Este tipo de compuertas&hellip; <\/p>\n","protected":false},"featured_media":1331,"comment_status":"open","ping_status":"closed","template":"","meta":{"om_disable_all_campaigns":false,"_monsterinsights_skip_tracking":false,"_monsterinsights_sitenote_active":false,"_monsterinsights_sitenote_note":"","_monsterinsights_sitenote_category":0},"product_cat":[49,46],"product_tag":[],"class_list":{"0":"post-1329","1":"product","2":"type-product","3":"status-publish","4":"has-post-thumbnail","6":"product_cat-circuitos-integrados","7":"product_cat-semiconductores","9":"first","10":"instock","11":"taxable","12":"shipping-taxable","13":"purchasable","14":"product-type-simple"},"aioseo_notices":[],"_links":{"self":[{"href":"https:\/\/techtronik.store\/index.php?rest_route=\/wp\/v3\/product\/1329","targetHints":{"allow":["GET"]}}],"collection":[{"href":"https:\/\/techtronik.store\/index.php?rest_route=\/wp\/v3\/product"}],"about":[{"href":"https:\/\/techtronik.store\/index.php?rest_route=\/wp\/v2\/types\/product"}],"replies":[{"embeddable":true,"href":"https:\/\/techtronik.store\/index.php?rest_route=%2Fwp%2Fv2%2Fcomments&post=1329"}],"wp:featuredmedia":[{"embeddable":true,"href":"https:\/\/techtronik.store\/index.php?rest_route=\/wp\/v2\/media\/1331"}],"wp:attachment":[{"href":"https:\/\/techtronik.store\/index.php?rest_route=%2Fwp%2Fv2%2Fmedia&parent=1329"}],"wp:term":[{"taxonomy":"product_cat","embeddable":true,"href":"https:\/\/techtronik.store\/index.php?rest_route=%2Fwp%2Fv2%2Fproduct_cat&post=1329"},{"taxonomy":"product_tag","embeddable":true,"href":"https:\/\/techtronik.store\/index.php?rest_route=%2Fwp%2Fv2%2Fproduct_tag&post=1329"}],"curies":[{"name":"wp","href":"https:\/\/api.w.org\/{rel}","templated":true}]}}