{"id":1310,"date":"2022-05-13T12:53:10","date_gmt":"2022-05-13T12:53:10","guid":{"rendered":"http:\/\/techtronik.store\/?post_type=product&#038;p=1310"},"modified":"2023-06-29T23:38:17","modified_gmt":"2023-06-29T23:38:17","slug":"microfono-electret","status":"publish","type":"product","link":"https:\/\/techtronik.store\/?product=microfono-electret","title":{"rendered":"Micr\u00f3fono Electret"},"content":{"rendered":"<p>El Micr\u00f3fono Electret 9\u00d77 mm, llamado tambi\u00e9n micr\u00f3fono de condensador con una relaci\u00f3n se\u00f1al \u2013 ruido de 58 dB e impedancia de 2.2 \u03a9.<\/p>\n<p>Estos micr\u00f3fonos son com\u00fanmente usados en celulares, grabadoras de bolsillo u objetos , econ\u00f3micos y f\u00e1cil de implementar en proyectos de audio y\/o electr\u00f3nica en general.<\/p>\n","protected":false},"excerpt":{"rendered":"<p>El Micr\u00f3fono Electret 9\u00d77 mm, llamado tambi\u00e9n micr\u00f3fono de condensador con una relaci\u00f3n se\u00f1al \u2013 ruido de 58 dB e impedancia de 2.2 \u03a9. Estos micr\u00f3fonos son com\u00fanmente usados en celulares, grabadoras de bolsillo u objetos , econ\u00f3micos y f\u00e1cil de implementar en proyectos de audio y\/o electr\u00f3nica en general.<\/p>\n","protected":false},"featured_media":1312,"comment_status":"open","ping_status":"closed","template":"","meta":{"om_disable_all_campaigns":false,"_monsterinsights_skip_tracking":false,"_monsterinsights_sitenote_active":false,"_monsterinsights_sitenote_note":"","_monsterinsights_sitenote_category":0},"product_cat":[53],"product_tag":[],"class_list":{"0":"post-1310","1":"product","2":"type-product","3":"status-publish","4":"has-post-thumbnail","6":"product_cat-sensores","8":"first","9":"instock","10":"taxable","11":"shipping-taxable","12":"purchasable","13":"product-type-simple"},"aioseo_notices":[],"_links":{"self":[{"href":"https:\/\/techtronik.store\/index.php?rest_route=\/wp\/v3\/product\/1310","targetHints":{"allow":["GET"]}}],"collection":[{"href":"https:\/\/techtronik.store\/index.php?rest_route=\/wp\/v3\/product"}],"about":[{"href":"https:\/\/techtronik.store\/index.php?rest_route=\/wp\/v2\/types\/product"}],"replies":[{"embeddable":true,"href":"https:\/\/techtronik.store\/index.php?rest_route=%2Fwp%2Fv2%2Fcomments&post=1310"}],"wp:featuredmedia":[{"embeddable":true,"href":"https:\/\/techtronik.store\/index.php?rest_route=\/wp\/v2\/media\/1312"}],"wp:attachment":[{"href":"https:\/\/techtronik.store\/index.php?rest_route=%2Fwp%2Fv2%2Fmedia&parent=1310"}],"wp:term":[{"taxonomy":"product_cat","embeddable":true,"href":"https:\/\/techtronik.store\/index.php?rest_route=%2Fwp%2Fv2%2Fproduct_cat&post=1310"},{"taxonomy":"product_tag","embeddable":true,"href":"https:\/\/techtronik.store\/index.php?rest_route=%2Fwp%2Fv2%2Fproduct_tag&post=1310"}],"curies":[{"name":"wp","href":"https:\/\/api.w.org\/{rel}","templated":true}]}}