{"id":1231,"date":"2022-05-08T19:00:57","date_gmt":"2022-05-08T19:00:57","guid":{"rendered":"http:\/\/techtronik.store\/?post_type=product&#038;p=1231"},"modified":"2022-09-15T04:56:58","modified_gmt":"2022-09-15T04:56:58","slug":"esp32-cam-programador","status":"publish","type":"product","link":"https:\/\/techtronik.store\/?product=esp32-cam-programador","title":{"rendered":"ESP32-CAM + Programador"},"content":{"rendered":"<div align=\"justify\">\n<p><strong>\u00a1INCLUYE BASE PROGRAMADORA!<\/strong><\/p>\n<p>Es una tarjeta de desarrollo llamada ESP32CAM que esta basada en el microcontrolador ESP32-S, esta tarjeta incorpora una c\u00e1mara y un led de flash, que permite hacer streaming de video, tomar fotos y realizar peque\u00f1as aplicaciones de reconocimiento facial y como todo ESP32 cuenta con Bluetooth y WiFi que te permitir\u00e1n realizar otros proyectos.<\/p>\n<p>Esta tarjeta de desarrollo se utiliza en sistema de videovigilancia, para transmitir im\u00e1genes ya sea de tu robot m\u00f3vil o como sensor para un sistema de visi\u00f3n por computadora b\u00e1sico. Su formato DIP permite su f\u00e1cil y r\u00e1pida integraci\u00f3n en cualquier aplicaci\u00f3n y montaje en protoboard.<\/p>\n<\/div>\n<hr \/>\n<h3><strong>ESPECIFICACIONES Y CARACTER\u00cdSTICAS<\/strong><\/h3>\n<div>\n<ul>\n<li>M\u00f3dulo: ESP32 CAM<\/li>\n<li>Admite c\u00e1maras: OV2640 y OV7670<\/li>\n<li>Incorpora led de flash<\/li>\n<li>Numero de pines: 16 pines<\/li>\n<li>Dimensiones: 27 mm x 45mm x 12mm<\/li>\n<li>Peso de la unidad: 10 g<\/li>\n<li>Voltaje de funcionamiento: 3.3V y 5V<\/li>\n<li>CPU de 32 bits de baja potencia<\/li>\n<li>RAM: 520KB SRAM+4M PSRAM<\/li>\n<li>Incluye: Bluetooth y Wifi<\/li>\n<li>Bluetooth: Bluetooth 4.2 BR\/EDR y Est\u00e1ndares BLE<\/li>\n<li>Wifi: 802.11 b\/g\/n<\/li>\n<li>Admite el modo de trabajo STA \/ AP \/ STA + AP<\/li>\n<li>Soporta Interfaz: UART\/SPI\/I2C\/PWM\/ADC\/DAC<\/li>\n<li>Incluye socket para TF card<\/li>\n<li>Tama\u00f1o que soporta TF card: Maximo 4G<\/li>\n<li>Puertos IO: 9<\/li>\n<li>Baudios: Por defecto 115200<\/li>\n<li>Formato de imagen de salida: JPEG (OV2640 solo apoyo), BMP, GPAYSCALE<\/li>\n<li>Seguridad:WPA\/WPA2\/WPA2-Enterprise\/WPS<\/li>\n<li>Rango de espectro: 2412 \u2013 2484MHz<\/li>\n<li>Resoluci\u00f3n fotos: 1600 x 1200 pixels<\/li>\n<li>Resoluci\u00f3n v\u00eddeo: 1080p30, 720p60 y 640x480p90<\/li>\n<li>Temperatura M\u00e1xima de Funcionamiento: 85 \u00b0C<\/li>\n<li>Temperatura M\u00ednima de Funcionamiento: -40 \u00b0C<\/li>\n<\/ul>\n<\/div>\n","protected":false},"excerpt":{"rendered":"<p>\u00a1INCLUYE BASE PROGRAMADORA! Es una tarjeta de desarrollo llamada ESP32CAM que esta basada en el microcontrolador ESP32-S, esta tarjeta incorpora una c\u00e1mara y un led de flash, que permite hacer streaming de video, tomar fotos y realizar peque\u00f1as aplicaciones de reconocimiento facial y como todo ESP32 cuenta con Bluetooth y&hellip; <\/p>\n","protected":false},"featured_media":1233,"comment_status":"open","ping_status":"closed","template":"","meta":{"om_disable_all_campaigns":false,"_monsterinsights_skip_tracking":false,"_monsterinsights_sitenote_active":false,"_monsterinsights_sitenote_note":"","_monsterinsights_sitenote_category":0},"product_cat":[74,37,211,73],"product_tag":[],"class_list":{"0":"post-1231","1":"product","2":"type-product","3":"status-publish","4":"has-post-thumbnail","6":"product_cat-iot","7":"product_cat-modulos","8":"product_cat-placas-de-desarrollo","9":"product_cat-wireless","11":"first","12":"instock","13":"taxable","14":"shipping-taxable","15":"purchasable","16":"product-type-simple"},"aioseo_notices":[],"_links":{"self":[{"href":"https:\/\/techtronik.store\/index.php?rest_route=\/wp\/v3\/product\/1231","targetHints":{"allow":["GET"]}}],"collection":[{"href":"https:\/\/techtronik.store\/index.php?rest_route=\/wp\/v3\/product"}],"about":[{"href":"https:\/\/techtronik.store\/index.php?rest_route=\/wp\/v2\/types\/product"}],"replies":[{"embeddable":true,"href":"https:\/\/techtronik.store\/index.php?rest_route=%2Fwp%2Fv2%2Fcomments&post=1231"}],"wp:featuredmedia":[{"embeddable":true,"href":"https:\/\/techtronik.store\/index.php?rest_route=\/wp\/v2\/media\/1233"}],"wp:attachment":[{"href":"https:\/\/techtronik.store\/index.php?rest_route=%2Fwp%2Fv2%2Fmedia&parent=1231"}],"wp:term":[{"taxonomy":"product_cat","embeddable":true,"href":"https:\/\/techtronik.store\/index.php?rest_route=%2Fwp%2Fv2%2Fproduct_cat&post=1231"},{"taxonomy":"product_tag","embeddable":true,"href":"https:\/\/techtronik.store\/index.php?rest_route=%2Fwp%2Fv2%2Fproduct_tag&post=1231"}],"curies":[{"name":"wp","href":"https:\/\/api.w.org\/{rel}","templated":true}]}}