{"id":1217,"date":"2022-05-08T16:40:33","date_gmt":"2022-05-08T16:40:33","guid":{"rendered":"http:\/\/techtronik.store\/?post_type=product&#038;p=1217"},"modified":"2023-04-13T20:24:50","modified_gmt":"2023-04-13T20:24:50","slug":"cristal-de-cuarzo-16mhz","status":"publish","type":"product","link":"https:\/\/techtronik.store\/?product=cristal-de-cuarzo-16mhz","title":{"rendered":"Cristal de Cuarzo 16MHz"},"content":{"rendered":"<p>Un\u00a0oscilador de cristal\u00a0es un\u00a0oscilador electr\u00f3nico\u00a0que utiliza la\u00a0resonancia mec\u00e1nica\u00a0de un cristal vibratorio de\u00a0material piezoel\u00e9ctrico\u00a0para crear una se\u00f1al el\u00e9ctrica con una\u00a0frecuencia\u00a0precisa.\u200b Esta frecuencia se utiliza com\u00fanmente para controlar el tiempo, como en los\u00a0relojes de cuarzo, para proporcionar una se\u00f1al de reloj estable para\u00a0circuitos integrados\u00a0digitales\u00a0y para estabilizar las frecuencias de los\u00a0transmisores\u00a0y\u00a0receptores de radio. El tipo m\u00e1s com\u00fan de resonador piezoel\u00e9ctrico utilizado es el\u00a0cristal de cuarzo, por lo que los circuitos osciladores que los incorporan se conocieron como osciladores de cristal,<sup id=\"cite_ref-Graf_1-1\" class=\"reference separada\"><\/sup>\u200b pero existen otros materiales piezoel\u00e9ctricos como las cer\u00e1micas policristalinas que se utilizan en circuitos similares.<\/p>\n<p>El oscilador de cristal se caracteriza por su estabilidad de frecuencia y pureza de fase, dada por el resonador.<\/p>\n<p>La frecuencia es estable frente a variaciones de la tensi\u00f3n de alimentaci\u00f3n. La dependencia con la temperatura depende del resonador, pero un valor t\u00edpico para cristales de cuarzo es de 0\u2032 005% del valor a 25\u00a0\u00b0C, en el margen de 0 a 70\u00a0\u00b0C.<\/p>\n<p>Estos osciladores admiten un peque\u00f1o ajuste de frecuencia, con un condensador en serie con el resonador, que aproxima la frecuencia de este, de la resonancia serie a la paralela.<\/p>\n","protected":false},"excerpt":{"rendered":"<p>Un\u00a0oscilador de cristal\u00a0es un\u00a0oscilador electr\u00f3nico\u00a0que utiliza la\u00a0resonancia mec\u00e1nica\u00a0de un cristal vibratorio de\u00a0material piezoel\u00e9ctrico\u00a0para crear una se\u00f1al el\u00e9ctrica con una\u00a0frecuencia\u00a0precisa.\u200b Esta frecuencia se utiliza com\u00fanmente para controlar el tiempo, como en los\u00a0relojes de cuarzo, para proporcionar una se\u00f1al de reloj estable para\u00a0circuitos integrados\u00a0digitales\u00a0y para estabilizar las frecuencias de los\u00a0transmisores\u00a0y\u00a0receptores de radio.&hellip; <\/p>\n","protected":false},"featured_media":1219,"comment_status":"open","ping_status":"closed","template":"","meta":{"om_disable_all_campaigns":false,"_monsterinsights_skip_tracking":false,"_monsterinsights_sitenote_active":false,"_monsterinsights_sitenote_note":"","_monsterinsights_sitenote_category":0},"product_cat":[15],"product_tag":[],"class_list":{"0":"post-1217","1":"product","2":"type-product","3":"status-publish","4":"has-post-thumbnail","6":"product_cat-uncategorized","8":"first","9":"instock","10":"taxable","11":"shipping-taxable","12":"purchasable","13":"product-type-simple"},"aioseo_notices":[],"_links":{"self":[{"href":"https:\/\/techtronik.store\/index.php?rest_route=\/wp\/v3\/product\/1217","targetHints":{"allow":["GET"]}}],"collection":[{"href":"https:\/\/techtronik.store\/index.php?rest_route=\/wp\/v3\/product"}],"about":[{"href":"https:\/\/techtronik.store\/index.php?rest_route=\/wp\/v2\/types\/product"}],"replies":[{"embeddable":true,"href":"https:\/\/techtronik.store\/index.php?rest_route=%2Fwp%2Fv2%2Fcomments&post=1217"}],"wp:featuredmedia":[{"embeddable":true,"href":"https:\/\/techtronik.store\/index.php?rest_route=\/wp\/v2\/media\/1219"}],"wp:attachment":[{"href":"https:\/\/techtronik.store\/index.php?rest_route=%2Fwp%2Fv2%2Fmedia&parent=1217"}],"wp:term":[{"taxonomy":"product_cat","embeddable":true,"href":"https:\/\/techtronik.store\/index.php?rest_route=%2Fwp%2Fv2%2Fproduct_cat&post=1217"},{"taxonomy":"product_tag","embeddable":true,"href":"https:\/\/techtronik.store\/index.php?rest_route=%2Fwp%2Fv2%2Fproduct_tag&post=1217"}],"curies":[{"name":"wp","href":"https:\/\/api.w.org\/{rel}","templated":true}]}}