{"id":1214,"date":"2022-05-08T16:27:20","date_gmt":"2022-05-08T16:27:20","guid":{"rendered":"http:\/\/techtronik.store\/?post_type=product&#038;p=1214"},"modified":"2023-01-26T15:52:05","modified_gmt":"2023-01-26T15:52:05","slug":"atmega328p","status":"publish","type":"product","link":"https:\/\/techtronik.store\/?product=atmega328p","title":{"rendered":"ATMEGA328P"},"content":{"rendered":"<p>El Microcontrolador ATMEGA328P cuenta con 8 bits de alto desempe\u00f1o combina memoria flash ISP de 32 kB con capacidades de lectura mientras realiza escritura, RAM de 2 kB, 23 l\u00edneas de E\/S, con convertidor A\/D de 6 canales y 10 bits, temporizador de vigilancia (watchdog) programable con oscilador interno y cinco modos de ahorro de energ\u00eda seleccionables por software. Un remplazo alternativo com\u00fan al ATmega328 es el ATmega328P.<\/p>\n<p>El Microcontrolador ATMEGA328P se puede ocupar para diferentes proyectos\u00a0 de electr\u00f3nica, rob\u00f3tica y mecatr\u00f3nica.<\/p>\n","protected":false},"excerpt":{"rendered":"<p>El Microcontrolador ATMEGA328P cuenta con 8 bits de alto desempe\u00f1o combina memoria flash ISP de 32 kB con capacidades de lectura mientras realiza escritura, RAM de 2 kB, 23 l\u00edneas de E\/S, con convertidor A\/D de 6 canales y 10 bits, temporizador de vigilancia (watchdog) programable con oscilador interno y&hellip; <\/p>\n","protected":false},"featured_media":1216,"comment_status":"open","ping_status":"closed","template":"","meta":{"om_disable_all_campaigns":false,"_monsterinsights_skip_tracking":false,"_monsterinsights_sitenote_active":false,"_monsterinsights_sitenote_note":"","_monsterinsights_sitenote_category":0},"product_cat":[49,211,46],"product_tag":[],"class_list":{"0":"post-1214","1":"product","2":"type-product","3":"status-publish","4":"has-post-thumbnail","6":"product_cat-circuitos-integrados","7":"product_cat-placas-de-desarrollo","8":"product_cat-semiconductores","10":"first","11":"instock","12":"taxable","13":"shipping-taxable","14":"purchasable","15":"product-type-simple"},"aioseo_notices":[],"_links":{"self":[{"href":"https:\/\/techtronik.store\/index.php?rest_route=\/wp\/v3\/product\/1214","targetHints":{"allow":["GET"]}}],"collection":[{"href":"https:\/\/techtronik.store\/index.php?rest_route=\/wp\/v3\/product"}],"about":[{"href":"https:\/\/techtronik.store\/index.php?rest_route=\/wp\/v2\/types\/product"}],"replies":[{"embeddable":true,"href":"https:\/\/techtronik.store\/index.php?rest_route=%2Fwp%2Fv2%2Fcomments&post=1214"}],"wp:featuredmedia":[{"embeddable":true,"href":"https:\/\/techtronik.store\/index.php?rest_route=\/wp\/v2\/media\/1216"}],"wp:attachment":[{"href":"https:\/\/techtronik.store\/index.php?rest_route=%2Fwp%2Fv2%2Fmedia&parent=1214"}],"wp:term":[{"taxonomy":"product_cat","embeddable":true,"href":"https:\/\/techtronik.store\/index.php?rest_route=%2Fwp%2Fv2%2Fproduct_cat&post=1214"},{"taxonomy":"product_tag","embeddable":true,"href":"https:\/\/techtronik.store\/index.php?rest_route=%2Fwp%2Fv2%2Fproduct_tag&post=1214"}],"curies":[{"name":"wp","href":"https:\/\/api.w.org\/{rel}","templated":true}]}}