{"id":1204,"date":"2022-05-08T16:02:03","date_gmt":"2022-05-08T16:02:03","guid":{"rendered":"http:\/\/techtronik.store\/?post_type=product&#038;p=1204"},"modified":"2023-05-18T18:22:12","modified_gmt":"2023-05-18T18:22:12","slug":"pic18f4550-bootloader","status":"publish","type":"product","link":"https:\/\/techtronik.store\/?product=pic18f4550-bootloader","title":{"rendered":"PIC18F4550 Bootloader"},"content":{"rendered":"<div align=\"justify\">\n<p><strong>\u00a1INCLUYE BOOTLOADER PRECARGADO!<\/strong><\/p>\n<p>El Microcontrolador PIC18F4550 es un circuito integrado programable capaz de poder realizar y controlar tareas las veces que desees gracias a la memoria flash de alta resistencia. El MCU cuenta con<span class=\"pdpBlackText\">\u00a08 Bits<\/span><span class=\"pdpGreyText\">, 48 MHz, 32 KB, 2 KB, 40 Pines y\u00a0 pertenece a la familia de microcontroladores PIC18.<\/span><\/p>\n<p>El Microcontrolador PIC18F4550 funciona para poder efectuar y\/o controlar otros dispositivos, algunas de sus aplicaciones son automatizaci\u00f3n y control de procesos, comunicaciones y red, electr\u00f3nica de consumo, dise\u00f1o embebido y desarrollo, multimedia, dispositivos port\u00e1tiles, rob\u00f3tica, instrumentaci\u00f3n y medida o seguridad.<\/p>\n<\/div>\n","protected":false},"excerpt":{"rendered":"<p>\u00a1INCLUYE BOOTLOADER PRECARGADO! El Microcontrolador PIC18F4550 es un circuito integrado programable capaz de poder realizar y controlar tareas las veces que desees gracias a la memoria flash de alta resistencia. El MCU cuenta con\u00a08 Bits, 48 MHz, 32 KB, 2 KB, 40 Pines y\u00a0 pertenece a la familia de microcontroladores&hellip; <\/p>\n","protected":false},"featured_media":1201,"comment_status":"open","ping_status":"closed","template":"","meta":{"om_disable_all_campaigns":false,"_monsterinsights_skip_tracking":false,"_monsterinsights_sitenote_active":false,"_monsterinsights_sitenote_note":"","_monsterinsights_sitenote_category":0},"product_cat":[49,211,46],"product_tag":[],"class_list":{"0":"post-1204","1":"product","2":"type-product","3":"status-publish","4":"has-post-thumbnail","6":"product_cat-circuitos-integrados","7":"product_cat-placas-de-desarrollo","8":"product_cat-semiconductores","10":"first","11":"instock","12":"taxable","13":"shipping-taxable","14":"purchasable","15":"product-type-simple"},"aioseo_notices":[],"_links":{"self":[{"href":"https:\/\/techtronik.store\/index.php?rest_route=\/wp\/v3\/product\/1204","targetHints":{"allow":["GET"]}}],"collection":[{"href":"https:\/\/techtronik.store\/index.php?rest_route=\/wp\/v3\/product"}],"about":[{"href":"https:\/\/techtronik.store\/index.php?rest_route=\/wp\/v2\/types\/product"}],"replies":[{"embeddable":true,"href":"https:\/\/techtronik.store\/index.php?rest_route=%2Fwp%2Fv2%2Fcomments&post=1204"}],"wp:featuredmedia":[{"embeddable":true,"href":"https:\/\/techtronik.store\/index.php?rest_route=\/wp\/v2\/media\/1201"}],"wp:attachment":[{"href":"https:\/\/techtronik.store\/index.php?rest_route=%2Fwp%2Fv2%2Fmedia&parent=1204"}],"wp:term":[{"taxonomy":"product_cat","embeddable":true,"href":"https:\/\/techtronik.store\/index.php?rest_route=%2Fwp%2Fv2%2Fproduct_cat&post=1204"},{"taxonomy":"product_tag","embeddable":true,"href":"https:\/\/techtronik.store\/index.php?rest_route=%2Fwp%2Fv2%2Fproduct_tag&post=1204"}],"curies":[{"name":"wp","href":"https:\/\/api.w.org\/{rel}","templated":true}]}}